{"id":93,"date":"2021-06-09T04:43:16","date_gmt":"2021-06-09T04:43:16","guid":{"rendered":"https:\/\/shtheme.org\/demosd\/farmey\/?page_id=93"},"modified":"2024-12-17T11:46:21","modified_gmt":"2024-12-17T11:46:21","slug":"contact","status":"publish","type":"page","link":"https:\/\/sodesep.bj\/en\/contact\/","title":{"rendered":"Contact us"},"content":{"rendered":"<style><\/style>\t\t<div data-elementor-type=\"wp-page\" data-elementor-id=\"93\" class=\"elementor elementor-93\" data-elementor-post-type=\"page\">\n\t\t\t\t\t\t<section class=\"elementor-section elementor-top-section elementor-element elementor-element-22d0b12 elementor-section-full_width elementor-section-height-default elementor-section-height-default\" data-id=\"22d0b12\" data-element_type=\"section\" data-e-type=\"section\">\n\t\t\t\t\t\t<div class=\"elementor-container elementor-column-gap-no\">\n\t\t\t\t\t<div class=\"elementor-column elementor-col-100 elementor-top-column elementor-element elementor-element-8003d98\" data-id=\"8003d98\" data-element_type=\"column\" data-e-type=\"column\">\n\t\t\t<div class=\"elementor-widget-wrap elementor-element-populated\">\n\t\t\t\t\t\t<div class=\"elementor-element elementor-element-47f111c elementor-align-left elementor-widget elementor-widget-bdevs-contact5\" data-id=\"47f111c\" data-element_type=\"widget\" data-e-type=\"widget\" data-widget_type=\"bdevs-contact5.default\">\n\t\t\t\t<div class=\"elementor-widget-container\">\n\t\t\t\t\t \n<section>\n    <div class=\"pages-hero-contact\" style=\"background-image:url(https:\/\/sodesep.bj\/wp-content\/uploads\/2024\/09\/planter-semence.jpg)\">\n        <div class=\"container\">\n            <div class=\"pages-title contact-title\">\n            \t\t            <h1>Contact SoDeSeP<\/h1>\n\t            \t            \t            <p>We are available to answer your questions, provide information about our services, or discuss collaboration opportunities.<\/p>\n\t                        <\/div>\n        <\/div>\n    <\/div>\n    <div class=\"container mb-5\">\n        <div class=\"contact-badge\">\n\n            <div class=\"row\">\n                <div class=\"col-lg-8\">\n                    <div class=\"left-contact-badge\">\n                    \t                        <h4>Send us a message<\/h4>\n                                                \n<div class=\"wpcf7 no-js\" id=\"wpcf7-f115-o1\" lang=\"en-US\" dir=\"ltr\" data-wpcf7-id=\"115\">\n<div class=\"screen-reader-response\"><p role=\"status\" aria-live=\"polite\" aria-atomic=\"true\"><\/p> <ul><\/ul><\/div>\n<form action=\"\/en\/wp-json\/wp\/v2\/pages\/93#wpcf7-f115-o1\" method=\"post\" class=\"wpcf7-form init\" aria-label=\"Contact form\" novalidate=\"novalidate\" data-status=\"init\" data-trp-original-action=\"\/en\/wp-json\/wp\/v2\/pages\/93#wpcf7-f115-o1\">\n<fieldset class=\"hidden-fields-container\"><input type=\"hidden\" name=\"_wpcf7\" value=\"115\" \/><input type=\"hidden\" name=\"_wpcf7_version\" value=\"6.1.5\" \/><input type=\"hidden\" name=\"_wpcf7_locale\" value=\"en_US\" \/><input type=\"hidden\" name=\"_wpcf7_unit_tag\" value=\"wpcf7-f115-o1\" \/><input type=\"hidden\" name=\"_wpcf7_container_post\" value=\"0\" \/><input type=\"hidden\" name=\"_wpcf7_posted_data_hash\" value=\"\" \/>\n<\/fieldset>\n<div id=\"contact-form\">\n\t<div class=\"messages\">\n\t<\/div>\n\t<div class=\"controls\">\n\t\t<div class=\"row\">\n\t\t\t<div class=\"col-sm-6\">\n\t\t\t\t<div class=\"form-group\">\n\t\t\t\t\t<p><span class=\"wpcf7-form-control-wrap\" data-name=\"name-855\"><input size=\"40\" maxlength=\"400\" class=\"wpcf7-form-control wpcf7-text wpcf7-validates-as-required form-control custom-form\" id=\"form_name\" aria-required=\"true\" aria-invalid=\"false\" placeholder=\"*Name\" value=\"\" type=\"text\" name=\"name-855\" \/><\/span>\n\t\t\t\t\t<\/p>\n\t\t\t\t\t<div class=\"help-block with-errors\">\n\t\t\t\t\t<\/div>\n\t\t\t\t<\/div>\n\t\t\t<\/div>\n\t\t\t<div class=\"col-sm-6\">\n\t\t\t\t<div class=\"form-group\">\n\t\t\t\t\t<p><span class=\"wpcf7-form-control-wrap\" data-name=\"email-445\"><input size=\"40\" maxlength=\"400\" class=\"wpcf7-form-control wpcf7-email wpcf7-validates-as-required wpcf7-text wpcf7-validates-as-email form-control custom-form\" id=\"form_email\" aria-required=\"true\" aria-invalid=\"false\" placeholder=\"*Email\" value=\"\" type=\"email\" name=\"email-445\" \/><\/span>\n\t\t\t\t\t<\/p>\n\t\t\t\t\t<div class=\"help-block with-errors\">\n\t\t\t\t\t<\/div>\n\t\t\t\t<\/div>\n\t\t\t<\/div>\n\t\t\t<div class=\"col-sm-12\">\n\t\t\t\t<div class=\"form-group\">\n\t\t\t\t\t<p><span class=\"wpcf7-form-control-wrap\" data-name=\"phone\"><input size=\"40\" maxlength=\"400\" class=\"wpcf7-form-control wpcf7-text wpcf7-validates-as-required form-control custom-form\" id=\"form_phone\" aria-required=\"true\" aria-invalid=\"false\" placeholder=\"*Phone number\" value=\"\" type=\"text\" name=\"phone\" \/><\/span>\n\t\t\t\t\t<\/p>\n\t\t\t\t\t<div class=\"help-block with-errors\">\n\t\t\t\t\t<\/div>\n\t\t\t\t<\/div>\n\t\t\t<\/div>\n\t\t\t<div class=\"col-sm-12\">\n\t\t\t\t<div class=\"form-group\">\n\t\t\t\t\t<p><span class=\"wpcf7-form-control-wrap\" data-name=\"textarea-578\"><textarea cols=\"40\" rows=\"10\" maxlength=\"2000\" class=\"wpcf7-form-control wpcf7-textarea wpcf7-validates-as-required form-control message-form custom-form\" id=\"form_message\" aria-required=\"true\" aria-invalid=\"false\" placeholder=\"*Your message\" name=\"textarea-578\"><\/textarea><\/span>\n\t\t\t\t\t<\/p>\n\t\t\t\t\t<div class=\"help-block with-errors\">\n\t\t\t\t\t<\/div>\n\t\t\t\t<\/div>\n\t\t\t<\/div>\n\t\t<\/div>\n\t\t<div class=\"row\">\n\t\t\t<div class=\"col-md-12 btn-send\">\n\t\t\t\t<p><input class=\"wpcf7-form-control wpcf7-submit has-spinner btn btn-default\" type=\"submit\" value=\"SEND\" \/>\n\t\t\t\t<\/p>\n\t\t\t<\/div>\n\t\t\t<div class=\"col-sm-12\">\n\t\t\t\t<p class=\"required\">* These fields are required.\n\t\t\t\t<\/p>\n\t\t\t<\/div>\n\t\t<\/div>\n\t<\/div>\n<\/div><div class=\"wpcf7-response-output\" aria-hidden=\"true\"><\/div>\n<input type=\"hidden\" name=\"trp-form-language\" value=\"en\"\/><\/form>\n<\/div>\n                    <\/div>\n                <\/div>\n                <div class=\"col-lg-4 spacing-md\">\n                    <div class=\"right-contact-badge\">\n                    \t                        <h4>Contact details<\/h4>\n                                                                        <p class=\"phone\"><a href=\"tel:+229 01 55 84 99 99\"> +229 01 55 84 99 99<\/a><\/p>\n                                                                        <p class=\"mail\"><a href=\"mailto:contact@sodesep.bj\">contact@sodesep.bj<\/a><\/p>\n                                                                        <p class=\"address\">12th arrondissement, block 1196, Plot E, Cadj\u00e8houn Cotonou, Republic of Benin<\/p>\n                                                <div class=\"footer-social\">\n                            <ul>\n                                \t\t                        \t\t                        \t\t                                                    <\/ul>\n                        <\/div>\n                        <figure class=\"photo-contact\">\n                            <img decoding=\"async\" src=\"https:\/\/shtheme.org\/demosd\/farmey\/wp-content\/uploads\/2021\/10\/phone-contact.png\" alt=\"\">\n                        <\/figure>\n                    <\/div>\n                <\/div>\n            <\/div>\n        <\/div>\n    <\/div>\n<\/section>\n\t\t\t\t\t<\/div>\n\t\t\t\t<\/div>\n\t\t\t\t\t<\/div>\n\t\t<\/div>\n\t\t\t\t\t<\/div>\n\t\t<\/section>\n\t\t\t\t<section class=\"elementor-section elementor-top-section elementor-element elementor-element-9a7e4ff elementor-section-full_width elementor-section-height-default elementor-section-height-default\" data-id=\"9a7e4ff\" data-element_type=\"section\" data-e-type=\"section\">\n\t\t\t\t\t\t<div class=\"elementor-container elementor-column-gap-no\">\n\t\t\t\t\t<div class=\"elementor-column elementor-col-100 elementor-top-column elementor-element elementor-element-b9fccb6\" data-id=\"b9fccb6\" data-element_type=\"column\" data-e-type=\"column\">\n\t\t\t<div class=\"elementor-widget-wrap elementor-element-populated\">\n\t\t\t\t\t\t<div class=\"elementor-element elementor-element-5f4176f elementor-align-left elementor-widget elementor-widget-bdevs-contact3\" data-id=\"5f4176f\" data-element_type=\"widget\" data-e-type=\"widget\" data-widget_type=\"bdevs-contact3.default\">\n\t\t\t\t<div class=\"elementor-widget-container\">\n\t\t\t\t\t \n<section>\n\t\t<div class=\"bottom-map mb-5\">\n        <iframe\n            src=\"https:\/\/www.google.com\/maps\/embed?pb=!1m18!1m12!1m3!1d126881.08578892429!2d2.3200927306733976!3d6.389623304490574!2m3!1f0!2f0!3f0!3m2!1i1024!2i768!4f13.1!3m3!1m2!1s0x10235537dd2a9b87%3A0x6e4df8283cd594c4!2sSoci%C3%A9t%C3%A9%20b%C3%A9ninoise%20de%20D%C3%A9veloppement%20des%20Semences%20et%20Plants!5e0!3m2!1sfr!2sbj!4v1727792879159!5m2!1sfr!2sbj\"\n            class=\"map-iframe-alt\"><\/iframe>\n    <\/div>\n        <\/section>\n    \n\t\t\t\t\t<\/div>\n\t\t\t\t<\/div>\n\t\t\t\t\t<\/div>\n\t\t<\/div>\n\t\t\t\t\t<\/div>\n\t\t<\/section>\n\t\t\t\t<\/div>","protected":false},"excerpt":{"rendered":"<p>Contactez la SoDeSeP Nous sommes \u00e0 votre disposition pour r\u00e9pondre \u00e0 vos questions, vous fournir des informations sur nos services, ou discuter d\u2019opportunit\u00e9s de collaboration. Envoyez-nous un message * Ces champs sont obligatoires. Coordonn\u00e9es +229 01 55 84 99 99 contact@sodesep.bj 12\u1d49 arrondissement, \u00eelot 1196, Parcelle E, Cadj\u00e8houn Cotonou, R\u00e9publique du B\u00e9nin<\/p>","protected":false},"author":1,"featured_media":0,"parent":0,"menu_order":0,"comment_status":"closed","ping_status":"closed","template":"page-templates\/home.php","meta":{"_acf_changed":false,"inline_featured_image":false,"footnotes":""},"class_list":["post-93","page","type-page","status-publish","hentry"],"acf":[],"_links":{"self":[{"href":"https:\/\/sodesep.bj\/en\/wp-json\/wp\/v2\/pages\/93","targetHints":{"allow":["GET"]}}],"collection":[{"href":"https:\/\/sodesep.bj\/en\/wp-json\/wp\/v2\/pages"}],"about":[{"href":"https:\/\/sodesep.bj\/en\/wp-json\/wp\/v2\/types\/page"}],"author":[{"embeddable":true,"href":"https:\/\/sodesep.bj\/en\/wp-json\/wp\/v2\/users\/1"}],"replies":[{"embeddable":true,"href":"https:\/\/sodesep.bj\/en\/wp-json\/wp\/v2\/comments?post=93"}],"version-history":[{"count":23,"href":"https:\/\/sodesep.bj\/en\/wp-json\/wp\/v2\/pages\/93\/revisions"}],"predecessor-version":[{"id":2389,"href":"https:\/\/sodesep.bj\/en\/wp-json\/wp\/v2\/pages\/93\/revisions\/2389"}],"wp:attachment":[{"href":"https:\/\/sodesep.bj\/en\/wp-json\/wp\/v2\/media?parent=93"}],"curies":[{"name":"wp","href":"https:\/\/api.w.org\/{rel}","templated":true}]}}