{"id":690,"date":"2024-09-11T15:46:25","date_gmt":"2024-09-11T15:46:25","guid":{"rendered":"https:\/\/sodesep.bj\/?page_id=690"},"modified":"2024-10-21T13:13:09","modified_gmt":"2024-10-21T13:13:09","slug":"mot-du-directeur","status":"publish","type":"page","link":"https:\/\/sodesep.bj\/en\/mot-du-directeur\/","title":{"rendered":"DG Message"},"content":{"rendered":"<style>.elementor-690 .elementor-element.elementor-element-ea7d1da{--display:flex;--flex-direction:row;--container-widget-width:initial;--container-widget-height:100%;--container-widget-flex-grow:1;--container-widget-align-self:stretch;--flex-wrap-mobile:wrap;--padding-top:3rem;--padding-bottom:0rem;--padding-left:1rem;--padding-right:1rem;}.elementor-690 .elementor-element.elementor-element-ea7d1da:not(.elementor-motion-effects-element-type-background), .elementor-690 .elementor-element.elementor-element-ea7d1da > .elementor-motion-effects-container > .elementor-motion-effects-layer{background-color:#F5FAFD;}.elementor-690 .elementor-element.elementor-element-86a01a9{--display:flex;}.elementor-widget-heading .elementor-heading-title{font-family:var( --e-global-typography-primary-font-family ), Sans-serif;font-weight:var( --e-global-typography-primary-font-weight );color:var( --e-global-color-primary );}.elementor-690 .elementor-element.elementor-element-f150ed7{text-align:start;}.elementor-690 .elementor-element.elementor-element-f150ed7 .elementor-heading-title{font-family:\"Montserrat\", Sans-serif;font-weight:800;text-transform:uppercase;color:#46866C;}.elementor-widget-text-editor{font-family:var( --e-global-typography-text-font-family ), Sans-serif;font-weight:var( --e-global-typography-text-font-weight );color:var( --e-global-color-text );}.elementor-widget-text-editor.elementor-drop-cap-view-stacked .elementor-drop-cap{background-color:var( --e-global-color-primary );}.elementor-widget-text-editor.elementor-drop-cap-view-framed .elementor-drop-cap, .elementor-widget-text-editor.elementor-drop-cap-view-default .elementor-drop-cap{color:var( --e-global-color-primary );border-color:var( --e-global-color-primary );}.elementor-690 .elementor-element.elementor-element-e9f65a6{--display:flex;}.elementor-widget-image .widget-image-caption{color:var( --e-global-color-text );font-family:var( --e-global-typography-text-font-family ), Sans-serif;font-weight:var( --e-global-typography-text-font-weight );}.elementor-690 .elementor-element.elementor-element-1d9e909 img{box-shadow:0px 0px 10px 0px rgba(49, 51.99999999999999, 57, 0.3);}.elementor-690 .elementor-element.elementor-element-2aeafec{--display:flex;--padding-top:0rem;--padding-bottom:3rem;--padding-left:1rem;--padding-right:1rem;}.elementor-690 .elementor-element.elementor-element-2aeafec:not(.elementor-motion-effects-element-type-background), .elementor-690 .elementor-element.elementor-element-2aeafec > .elementor-motion-effects-container > .elementor-motion-effects-layer{background-color:#F5FAFD;}.elementor-690 .elementor-element.elementor-element-751c3b0{text-align:end;}.elementor-690 .elementor-element.elementor-element-751c3b0 .elementor-heading-title{color:#3C424F;}.elementor-690 .elementor-element.elementor-element-3b88948{--display:flex;--flex-direction:row;--container-widget-width:initial;--container-widget-height:100%;--container-widget-flex-grow:1;--container-widget-align-self:stretch;--flex-wrap-mobile:wrap;--padding-top:3rem;--padding-bottom:3rem;--padding-left:1rem;--padding-right:1rem;}.elementor-690 .elementor-element.elementor-element-3b88948:not(.elementor-motion-effects-element-type-background), .elementor-690 .elementor-element.elementor-element-3b88948 > .elementor-motion-effects-container > .elementor-motion-effects-layer{background-color:#F5FAFD;}.elementor-690 .elementor-element.elementor-element-de05d42{--display:flex;}.elementor-690 .elementor-element.elementor-element-c71a61e img{box-shadow:0px 0px 10px 0px rgba(49, 51.99999999999999, 57, 0.3);}.elementor-690 .elementor-element.elementor-element-dce9f2a{--display:flex;}.elementor-690 .elementor-element.elementor-element-0b3595d{text-align:center;}.elementor-690 .elementor-element.elementor-element-0b3595d .elementor-heading-title{font-family:\"Montserrat\", Sans-serif;font-weight:600;text-transform:uppercase;color:#3C424F;}.elementor-690 .elementor-element.elementor-element-e9dc210{text-align:end;}.elementor-690 .elementor-element.elementor-element-e9dc210 .elementor-heading-title{color:#3C424F;}.elementor-690 .elementor-element.elementor-element-698d5ec{--display:grid;--min-height:50vh;--e-con-grid-template-columns:repeat(2, 1fr);--e-con-grid-template-rows:repeat(1, 1fr);--grid-auto-flow:row;--justify-items:center;--align-items:center;--overlay-opacity:0.7;--margin-top:3rem;--margin-bottom:0rem;--margin-left:0rem;--margin-right:0rem;--padding-top:2rem;--padding-bottom:2rem;--padding-left:2rem;--padding-right:2rem;}.elementor-690 .elementor-element.elementor-element-698d5ec:not(.elementor-motion-effects-element-type-background), .elementor-690 .elementor-element.elementor-element-698d5ec > .elementor-motion-effects-container > .elementor-motion-effects-layer{background-image:url(\"https:\/\/sodesep.bj\/wp-content\/uploads\/2024\/09\/marche-legumes.jpg\");background-position:center center;background-size:cover;}.elementor-690 .elementor-element.elementor-element-698d5ec::before, .elementor-690 .elementor-element.elementor-element-698d5ec > .elementor-background-video-container::before, .elementor-690 .elementor-element.elementor-element-698d5ec > .e-con-inner > .elementor-background-video-container::before, .elementor-690 .elementor-element.elementor-element-698d5ec > .elementor-background-slideshow::before, .elementor-690 .elementor-element.elementor-element-698d5ec > .e-con-inner > .elementor-background-slideshow::before, .elementor-690 .elementor-element.elementor-element-698d5ec > .elementor-motion-effects-container > .elementor-motion-effects-layer::before{--background-overlay:'';background-color:#000000;}.elementor-690 .elementor-element.elementor-element-51bb7fc{--display:flex;}.elementor-690 .elementor-element.elementor-element-46821cf{text-align:start;}.elementor-690 .elementor-element.elementor-element-46821cf .elementor-heading-title{font-family:\"Montserrat\", Sans-serif;font-size:1.6rem;font-weight:700;color:#FFFFFF;}.elementor-690 .elementor-element.elementor-element-7d2330d{color:#FFFFFF;}.elementor-690 .elementor-element.elementor-element-df6797c{--display:flex;}.elementor-widget-button .elementor-button{font-family:var( --e-global-typography-accent-font-family ), Sans-serif;font-weight:var( --e-global-typography-accent-font-weight );background-color:var( --e-global-color-accent );}.elementor-690 .elementor-element.elementor-element-fc1438b .elementor-button{font-family:\"Montserrat\", Sans-serif;font-weight:500;background-color:#FFFFFF00;transition-duration:0.1s;border-style:solid;border-width:2px 2px 2px 2px;border-color:#000000;border-radius:2px 2px 2px 2px;}.elementor-690 .elementor-element.elementor-element-fc1438b .elementor-button:hover, .elementor-690 .elementor-element.elementor-element-fc1438b .elementor-button:focus{color:#FFFFFF;background-color:#39A557;border-color:#39A557;}.elementor-690 .elementor-element.elementor-element-fc1438b .elementor-button:hover svg, .elementor-690 .elementor-element.elementor-element-fc1438b .elementor-button:focus svg{fill:#FFFFFF;}@media(max-width:1024px){.elementor-690 .elementor-element.elementor-element-f150ed7{text-align:start;}.elementor-690 .elementor-element.elementor-element-698d5ec{--grid-auto-flow:row;}}@media(max-width:767px){.elementor-690 .elementor-element.elementor-element-0b3595d{text-align:start;}.elementor-690 .elementor-element.elementor-element-698d5ec{--e-con-grid-template-columns:repeat(1, 1fr);--e-con-grid-template-rows:repeat(1, 1fr);--grid-auto-flow:row;}}<\/style>\t\t<div data-elementor-type=\"wp-page\" data-elementor-id=\"690\" class=\"elementor elementor-690\" data-elementor-post-type=\"page\">\n\t\t\t\t<div class=\"elementor-element elementor-element-ea7d1da elementor-hidden-mobile e-flex e-con-boxed e-con e-parent\" data-id=\"ea7d1da\" data-element_type=\"container\" data-e-type=\"container\" data-settings=\"{&quot;background_background&quot;:&quot;classic&quot;}\">\n\t\t\t\t\t<div class=\"e-con-inner\">\n\t\t<div class=\"elementor-element elementor-element-86a01a9 e-con-full e-flex e-con e-child\" data-id=\"86a01a9\" data-element_type=\"container\" data-e-type=\"container\">\n\t\t\t\t<div class=\"elementor-element elementor-element-f150ed7 elementor-widget elementor-widget-heading\" data-id=\"f150ed7\" data-element_type=\"widget\" data-e-type=\"widget\" data-widget_type=\"heading.default\">\n\t\t\t\t<div class=\"elementor-widget-container\">\n\t\t\t\t\t<h1 class=\"elementor-heading-title elementor-size-default\">DG Message<\/h1>\t\t\t\t<\/div>\n\t\t\t\t<\/div>\n\t\t\t\t<div class=\"elementor-element elementor-element-f647b0b elementor-widget elementor-widget-text-editor\" data-id=\"f647b0b\" data-element_type=\"widget\" data-e-type=\"widget\" data-widget_type=\"text-editor.default\">\n\t\t\t\t<div class=\"elementor-widget-container\">\n\t\t\t\t\t\t\t\t\t<p><span style=\"font-weight: 400;\">Dear All,<\/span><\/p><p><span style=\"font-weight: 400;\">It is a great matter of pride and privilege that SoDeSeP SA has been created by the Government of Benin with the vision to become the most trusted seed, plant, and agritech brand in the Republic of Benin and West Africa. At the core of SoDeSeP SA, we put Farmers First, we take Ownership, and we Nurture Nature, Environment, and People.<\/span><\/p><p><span style=\"font-weight: 400;\">SoDeSeP is among the leading seed companies in Benin and West Africa, with production, R&amp;D, and breeding programs in a variety of crops, ranging from field crops to vegetables to tissue culture plants. SoDeSeP SA's elaborate seed development programs are built on a foundation of excellence in plant breeding, focusing on the genetic improvement of crops to develop, import, and produce plant varieties and hybrids with significant genetic gains, thereby contributing to food security in Benin and enabling food exports worldwide.<\/span><\/p>\t\t\t\t\t\t\t\t<\/div>\n\t\t\t\t<\/div>\n\t\t\t\t<\/div>\n\t\t<div class=\"elementor-element elementor-element-e9f65a6 e-con-full e-flex e-con e-child\" data-id=\"e9f65a6\" data-element_type=\"container\" data-e-type=\"container\">\n\t\t\t\t<div class=\"elementor-element elementor-element-1d9e909 elementor-widget elementor-widget-image\" data-id=\"1d9e909\" data-element_type=\"widget\" data-e-type=\"widget\" data-widget_type=\"image.default\">\n\t\t\t\t<div class=\"elementor-widget-container\">\n\t\t\t\t\t\t\t\t\t\t\t\t\t\t\t<img fetchpriority=\"high\" decoding=\"async\" width=\"737\" height=\"737\" src=\"https:\/\/sodesep.bj\/wp-content\/uploads\/2024\/10\/Balbir-SINGH.jpg\" class=\"attachment-large size-large wp-image-1942\" alt=\"Balbir SINGH\" srcset=\"https:\/\/sodesep.bj\/wp-content\/uploads\/2024\/10\/Balbir-SINGH.jpg 737w, https:\/\/sodesep.bj\/wp-content\/uploads\/2024\/10\/Balbir-SINGH-300x300.jpg 300w, https:\/\/sodesep.bj\/wp-content\/uploads\/2024\/10\/Balbir-SINGH-150x150.jpg 150w, https:\/\/sodesep.bj\/wp-content\/uploads\/2024\/10\/Balbir-SINGH-12x12.jpg 12w\" sizes=\"(max-width: 737px) 100vw, 737px\" \/>\t\t\t\t\t\t\t\t\t\t\t\t\t\t\t<\/div>\n\t\t\t\t<\/div>\n\t\t\t\t<\/div>\n\t\t\t\t\t<\/div>\n\t\t\t\t<\/div>\n\t\t<div class=\"elementor-element elementor-element-2aeafec elementor-hidden-mobile e-flex e-con-boxed e-con e-parent\" data-id=\"2aeafec\" data-element_type=\"container\" data-e-type=\"container\" data-settings=\"{&quot;background_background&quot;:&quot;classic&quot;}\">\n\t\t\t\t\t<div class=\"e-con-inner\">\n\t\t\t\t<div class=\"elementor-element elementor-element-f1f07c6 elementor-widget elementor-widget-text-editor\" data-id=\"f1f07c6\" data-element_type=\"widget\" data-e-type=\"widget\" data-widget_type=\"text-editor.default\">\n\t\t\t\t<div class=\"elementor-widget-container\">\n\t\t\t\t\t\t\t\t\t<p><span style=\"font-weight: 400;\">SoDeSeP SA's seed supply programs are supported by strong partnerships with international seed companies, regional seed suppliers, national seed producers, and its own seed farms across agro-ecological zones. These partnerships not only fast-track varietal development programs but also support quality assurance of seeds in the Republic of Benin.<\/span><\/p><p><span style=\"font-weight: 400;\">Our state-of-the-art seed processing plant, seed production farms, tissue culture labs, and greenhouse farms ensure a strong, process-driven quality assurance system. This integration of core processes and functions enhances operational efficiency. Moreover, SoDeSeP SA has adopted modern digital tools to secure a large consumer base and stay ahead in technological advancements.<\/span><\/p><p><span style=\"font-weight: 400;\">Our Cross-Functional Approach Model fosters open discussions, encourages knowledge sharing across departments, and promotes partnerships with external networks.<\/span><\/p><p><span style=\"font-weight: 400;\">At SoDeSeP, we are committed to sustainable seed development programs that incorporate modern technologies, including tissue culture and hydroponics. We envision and articulate the organization\u2019s desired future, providing a sense of \"ownership\" at all levels of the organization, leveraging our organizational values towards excellence.<\/span><\/p><p><span style=\"font-weight: 400;\">We welcome all of our partners and people on this journey towards a secure world of seeds and food.<\/span><\/p>\t\t\t\t\t\t\t\t<\/div>\n\t\t\t\t<\/div>\n\t\t\t\t<div class=\"elementor-element elementor-element-751c3b0 elementor-widget elementor-widget-heading\" data-id=\"751c3b0\" data-element_type=\"widget\" data-e-type=\"widget\" data-widget_type=\"heading.default\">\n\t\t\t\t<div class=\"elementor-widget-container\">\n\t\t\t\t\t<h3 class=\"elementor-heading-title elementor-size-default\">Dr. Balbir Singh, PhD<\/h3>\t\t\t\t<\/div>\n\t\t\t\t<\/div>\n\t\t\t\t\t<\/div>\n\t\t\t\t<\/div>\n\t\t<div class=\"elementor-element elementor-element-3b88948 elementor-hidden-desktop elementor-hidden-tablet e-flex e-con-boxed e-con e-parent\" data-id=\"3b88948\" data-element_type=\"container\" data-e-type=\"container\" data-settings=\"{&quot;background_background&quot;:&quot;classic&quot;}\">\n\t\t\t\t\t<div class=\"e-con-inner\">\n\t\t<div class=\"elementor-element elementor-element-de05d42 e-con-full e-flex e-con e-child\" data-id=\"de05d42\" data-element_type=\"container\" data-e-type=\"container\">\n\t\t\t\t<div class=\"elementor-element elementor-element-c71a61e elementor-widget elementor-widget-image\" data-id=\"c71a61e\" data-element_type=\"widget\" data-e-type=\"widget\" data-widget_type=\"image.default\">\n\t\t\t\t<div class=\"elementor-widget-container\">\n\t\t\t\t\t\t\t\t\t\t\t\t\t\t\t<img fetchpriority=\"high\" decoding=\"async\" width=\"737\" height=\"737\" src=\"https:\/\/sodesep.bj\/wp-content\/uploads\/2024\/10\/Balbir-SINGH.jpg\" class=\"attachment-large size-large wp-image-1942\" alt=\"Balbir SINGH\" srcset=\"https:\/\/sodesep.bj\/wp-content\/uploads\/2024\/10\/Balbir-SINGH.jpg 737w, https:\/\/sodesep.bj\/wp-content\/uploads\/2024\/10\/Balbir-SINGH-300x300.jpg 300w, https:\/\/sodesep.bj\/wp-content\/uploads\/2024\/10\/Balbir-SINGH-150x150.jpg 150w, https:\/\/sodesep.bj\/wp-content\/uploads\/2024\/10\/Balbir-SINGH-12x12.jpg 12w\" sizes=\"(max-width: 737px) 100vw, 737px\" \/>\t\t\t\t\t\t\t\t\t\t\t\t\t\t\t<\/div>\n\t\t\t\t<\/div>\n\t\t\t\t<\/div>\n\t\t<div class=\"elementor-element elementor-element-dce9f2a e-con-full e-flex e-con e-child\" data-id=\"dce9f2a\" data-element_type=\"container\" data-e-type=\"container\">\n\t\t\t\t<div class=\"elementor-element elementor-element-0b3595d elementor-widget elementor-widget-heading\" data-id=\"0b3595d\" data-element_type=\"widget\" data-e-type=\"widget\" data-widget_type=\"heading.default\">\n\t\t\t\t<div class=\"elementor-widget-container\">\n\t\t\t\t\t<h2 class=\"elementor-heading-title elementor-size-default\">DG Message<\/h2>\t\t\t\t<\/div>\n\t\t\t\t<\/div>\n\t\t\t\t<div class=\"elementor-element elementor-element-65a7a36 elementor-widget elementor-widget-text-editor\" data-id=\"65a7a36\" data-element_type=\"widget\" data-e-type=\"widget\" data-widget_type=\"text-editor.default\">\n\t\t\t\t<div class=\"elementor-widget-container\">\n\t\t\t\t\t\t\t\t\t<p><span style=\"font-weight: 400;\">Dear All,<\/span><\/p><p><span style=\"font-weight: 400;\">It is a great matter of pride and privilege that SoDeSeP SA has been created by the Government of Benin with the vision to become the most trusted seed, plant, and agritech brand in the Republic of Benin and West Africa. At the core of SoDeSeP SA, we put Farmers First, we take Ownership, and we Nurture Nature, Environment, and People.<\/span><\/p><p><span style=\"font-weight: 400;\">SoDeSeP is among the leading seed companies in Benin and West Africa, with production, R&amp;D, and breeding programs in a variety of crops, ranging from field crops to vegetables to tissue culture plants. SoDeSeP SA's elaborate seed development programs are built on a foundation of excellence in plant breeding, focusing on the genetic improvement of crops to develop, import, and produce plant varieties and hybrids with significant genetic gains, thereby contributing to food security in Benin and enabling food exports worldwide.<\/span><\/p><p><span style=\"font-weight: 400;\">SoDeSeP SA's seed supply programs are supported by strong partnerships with international seed companies, regional seed suppliers, national seed producers, and its own seed farms across agro-ecological zones. These partnerships not only fast-track varietal development programs but also support quality assurance of seeds in the Republic of Benin.<\/span><\/p><p><span style=\"font-weight: 400;\">Our state-of-the-art seed processing plant, seed production farms, tissue culture labs, and greenhouse farms ensure a strong, process-driven quality assurance system. This integration of core processes and functions enhances operational efficiency. Moreover, SoDeSeP SA has adopted modern digital tools to secure a large consumer base and stay ahead in technological advancements.<\/span><\/p><p><span style=\"font-weight: 400;\">Our Cross-Functional Approach Model fosters open discussions, encourages knowledge sharing across departments, and promotes partnerships with external networks.<\/span><\/p><p><span style=\"font-weight: 400;\">At SoDeSeP, we are committed to sustainable seed development programs that incorporate modern technologies, including tissue culture and hydroponics. We envision and articulate the organization\u2019s desired future, providing a sense of \"ownership\" at all levels of the organization, leveraging our organizational values towards excellence.<\/span><\/p><p><span style=\"font-weight: 400;\">We welcome all of our partners and people on this journey towards a secure world of seeds and food.<\/span><\/p>\t\t\t\t\t\t\t\t<\/div>\n\t\t\t\t<\/div>\n\t\t\t\t<div class=\"elementor-element elementor-element-e9dc210 elementor-widget elementor-widget-heading\" data-id=\"e9dc210\" data-element_type=\"widget\" data-e-type=\"widget\" data-widget_type=\"heading.default\">\n\t\t\t\t<div class=\"elementor-widget-container\">\n\t\t\t\t\t<h3 class=\"elementor-heading-title elementor-size-default\">Dr. Balbir Singh, PhD<\/h3>\t\t\t\t<\/div>\n\t\t\t\t<\/div>\n\t\t\t\t<\/div>\n\t\t\t\t\t<\/div>\n\t\t\t\t<\/div>\n\t\t<div class=\"elementor-element elementor-element-698d5ec e-grid calltoactionbloc e-con-boxed e-con e-parent\" data-id=\"698d5ec\" data-element_type=\"container\" data-e-type=\"container\" data-settings=\"{&quot;background_background&quot;:&quot;classic&quot;}\">\n\t\t\t\t\t<div class=\"e-con-inner\">\n\t\t<div class=\"elementor-element elementor-element-51bb7fc e-con-full e-flex e-con e-child\" data-id=\"51bb7fc\" data-element_type=\"container\" data-e-type=\"container\">\n\t\t\t\t<div class=\"elementor-element elementor-element-46821cf elementor-widget elementor-widget-heading\" data-id=\"46821cf\" data-element_type=\"widget\" data-e-type=\"widget\" data-widget_type=\"heading.default\">\n\t\t\t\t<div class=\"elementor-widget-container\">\n\t\t\t\t\t<h3 class=\"elementor-heading-title elementor-size-default\">LET'S COMMIT TO A PROSPEROUS AGRICULTURAL FUTURE<\/h3>\t\t\t\t<\/div>\n\t\t\t\t<\/div>\n\t\t\t\t<div class=\"elementor-element elementor-element-7d2330d elementor-widget elementor-widget-text-editor\" data-id=\"7d2330d\" data-element_type=\"widget\" data-e-type=\"widget\" data-widget_type=\"text-editor.default\">\n\t\t\t\t<div class=\"elementor-widget-container\">\n\t\t\t\t\t\t\t\t\t<p>The work of SoDeSep contributes to transforming Beninese agriculture, making it more efficient, sustainable, and capable of meeting tomorrow's needs. Let\u2019s work together.<\/p>\t\t\t\t\t\t\t\t<\/div>\n\t\t\t\t<\/div>\n\t\t\t\t<\/div>\n\t\t<div class=\"elementor-element elementor-element-df6797c e-con-full e-flex e-con e-child\" data-id=\"df6797c\" data-element_type=\"container\" data-e-type=\"container\">\n\t\t\t\t<div class=\"elementor-element elementor-element-fc1438b elementor-align-center contactus elementor-widget elementor-widget-button\" data-id=\"fc1438b\" data-element_type=\"widget\" data-e-type=\"widget\" data-widget_type=\"button.default\">\n\t\t\t\t<div class=\"elementor-widget-container\">\n\t\t\t\t\t\t\t\t\t<div class=\"elementor-button-wrapper\">\n\t\t\t\t\t<a class=\"elementor-button elementor-button-link elementor-size-sm\" href=\"https:\/\/sodesep.bj\/en\/a-propos-de-nous\/\">\n\t\t\t\t\t\t<span class=\"elementor-button-content-wrapper\">\n\t\t\t\t\t\t\t\t\t<span class=\"elementor-button-text\">MORE INFORMATION<\/span>\n\t\t\t\t\t<\/span>\n\t\t\t\t\t<\/a>\n\t\t\t\t<\/div>\n\t\t\t\t\t\t\t\t<\/div>\n\t\t\t\t<\/div>\n\t\t\t\t<\/div>\n\t\t\t\t\t<\/div>\n\t\t\t\t<\/div>\n\t\t\t\t<\/div>","protected":false},"excerpt":{"rendered":"<p>Le mot du Directeur Chers tous,C&rsquo;est une grande fiert\u00e9 et un privil\u00e8ge que la SoDeSeP SA ait \u00e9t\u00e9 cr\u00e9\u00e9e par le gouvernement du B\u00e9nin avec la vision qu&rsquo;elle devienne la marque de semences, de plantes et d&rsquo;agritech la plus fiable en R\u00e9publique du B\u00e9nin et en Afrique de l&rsquo;Ouest. Au c\u0153ur de SoDeSeP SA, nous [&hellip;]<\/p>\n","protected":false},"author":1,"featured_media":0,"parent":0,"menu_order":0,"comment_status":"closed","ping_status":"closed","template":"page-templates\/home.php","meta":{"_acf_changed":false,"inline_featured_image":false,"footnotes":""},"class_list":["post-690","page","type-page","status-publish","hentry"],"acf":[],"_links":{"self":[{"href":"https:\/\/sodesep.bj\/en\/wp-json\/wp\/v2\/pages\/690","targetHints":{"allow":["GET"]}}],"collection":[{"href":"https:\/\/sodesep.bj\/en\/wp-json\/wp\/v2\/pages"}],"about":[{"href":"https:\/\/sodesep.bj\/en\/wp-json\/wp\/v2\/types\/page"}],"author":[{"embeddable":true,"href":"https:\/\/sodesep.bj\/en\/wp-json\/wp\/v2\/users\/1"}],"replies":[{"embeddable":true,"href":"https:\/\/sodesep.bj\/en\/wp-json\/wp\/v2\/comments?post=690"}],"version-history":[{"count":52,"href":"https:\/\/sodesep.bj\/en\/wp-json\/wp\/v2\/pages\/690\/revisions"}],"predecessor-version":[{"id":2119,"href":"https:\/\/sodesep.bj\/en\/wp-json\/wp\/v2\/pages\/690\/revisions\/2119"}],"wp:attachment":[{"href":"https:\/\/sodesep.bj\/en\/wp-json\/wp\/v2\/media?parent=690"}],"curies":[{"name":"wp","href":"https:\/\/api.w.org\/{rel}","templated":true}]}}