{"id":1973,"date":"2024-10-14T19:26:48","date_gmt":"2024-10-14T19:26:48","guid":{"rendered":"https:\/\/sodesep.bj\/?page_id=1973"},"modified":"2024-10-21T17:55:41","modified_gmt":"2024-10-21T17:55:41","slug":"blog","status":"publish","type":"page","link":"https:\/\/sodesep.bj\/en\/blog\/","title":{"rendered":"News"},"content":{"rendered":"<style>.elementor-1973 .elementor-element.elementor-element-59b25b8{--display:flex;--min-height:85vh;--flex-direction:column;--container-widget-width:100%;--container-widget-height:initial;--container-widget-flex-grow:0;--container-widget-align-self:initial;--flex-wrap-mobile:wrap;--justify-content:center;--gap:1rem 0rem;--row-gap:1rem;--column-gap:0rem;--overlay-opacity:0.5;}.elementor-1973 .elementor-element.elementor-element-59b25b8:not(.elementor-motion-effects-element-type-background), .elementor-1973 .elementor-element.elementor-element-59b25b8 > .elementor-motion-effects-container > .elementor-motion-effects-layer{background-image:url(\"https:\/\/sodesep.bj\/wp-content\/uploads\/2024\/09\/developpement-semences-tomates-serre.jpg\");background-position:center center;background-repeat:no-repeat;background-size:cover;}.elementor-1973 .elementor-element.elementor-element-59b25b8::before, .elementor-1973 .elementor-element.elementor-element-59b25b8 > .elementor-background-video-container::before, .elementor-1973 .elementor-element.elementor-element-59b25b8 > .e-con-inner > .elementor-background-video-container::before, .elementor-1973 .elementor-element.elementor-element-59b25b8 > .elementor-background-slideshow::before, .elementor-1973 .elementor-element.elementor-element-59b25b8 > .e-con-inner > .elementor-background-slideshow::before, .elementor-1973 .elementor-element.elementor-element-59b25b8 > .elementor-motion-effects-container > .elementor-motion-effects-layer::before{--background-overlay:'';background-color:#000000CC;}.elementor-widget-heading .elementor-heading-title{font-family:var( --e-global-typography-primary-font-family ), Sans-serif;font-weight:var( --e-global-typography-primary-font-weight );color:var( --e-global-color-primary );}.elementor-1973 .elementor-element.elementor-element-514ad4c .elementor-heading-title{font-family:\"Montserrat\", Sans-serif;font-weight:600;color:#F6A248;}.elementor-1973 .elementor-element.elementor-element-34b2b6f .elementor-heading-title{font-family:\"Montserrat\", Sans-serif;font-weight:700;color:#FFFFFF;}.elementor-1973 .elementor-element.elementor-element-82ebec6 .elementor-heading-title{font-family:\"Montserrat\", Sans-serif;font-weight:400;color:#FFFFFF;}.elementor-1973 .elementor-element.elementor-element-7b8f8af{--display:flex;--margin-top:3rem;--margin-bottom:3rem;--margin-left:0rem;--margin-right:0rem;}.elementor-widget-loop-grid .elementor-pagination{font-family:var( --e-global-typography-secondary-font-family ), Sans-serif;font-weight:var( --e-global-typography-secondary-font-weight );}.elementor-widget-loop-grid .elementor-button{font-family:var( --e-global-typography-accent-font-family ), Sans-serif;font-weight:var( --e-global-typography-accent-font-weight );background-color:var( --e-global-color-accent );}.elementor-widget-loop-grid .e-load-more-message{font-family:var( --e-global-typography-secondary-font-family ), Sans-serif;font-weight:var( --e-global-typography-secondary-font-weight );}.elementor-1973 .elementor-element.elementor-element-f49f9b3{--grid-columns:3;}@media(max-width:1024px){.elementor-1973 .elementor-element.elementor-element-59b25b8{--margin-top:0rem;--margin-bottom:4rem;--margin-left:0rem;--margin-right:0rem;}.elementor-1973 .elementor-element.elementor-element-7b8f8af{--margin-top:0rem;--margin-bottom:0rem;--margin-left:0rem;--margin-right:0rem;--padding-top:0rem;--padding-bottom:0rem;--padding-left:0rem;--padding-right:0rem;}.elementor-1973 .elementor-element.elementor-element-f49f9b3{--grid-columns:3;}}@media(max-width:767px){.elementor-1973 .elementor-element.elementor-element-59b25b8{--gap:2rem 0rem;--row-gap:2rem;--column-gap:0rem;}.elementor-1973 .elementor-element.elementor-element-34b2b6f .elementor-heading-title{line-height:1.2em;}.elementor-1973 .elementor-element.elementor-element-82ebec6 .elementor-heading-title{line-height:1.4em;}.elementor-1973 .elementor-element.elementor-element-f49f9b3{--grid-columns:1;}}<\/style>\t\t<div data-elementor-type=\"wp-page\" data-elementor-id=\"1973\" class=\"elementor elementor-1973\" data-elementor-post-type=\"page\">\n\t\t\t\t<div class=\"elementor-element elementor-element-59b25b8 e-flex e-con-boxed e-con e-parent\" data-id=\"59b25b8\" data-element_type=\"container\" data-e-type=\"container\" data-settings=\"{&quot;background_background&quot;:&quot;classic&quot;}\">\n\t\t\t\t\t<div class=\"e-con-inner\">\n\t\t\t\t<div class=\"elementor-element elementor-element-514ad4c elementor-widget elementor-widget-heading\" data-id=\"514ad4c\" data-element_type=\"widget\" data-e-type=\"widget\" data-widget_type=\"heading.default\">\n\t\t\t\t<div class=\"elementor-widget-container\">\n\t\t\t\t\t<h5 class=\"elementor-heading-title elementor-size-default\">Blog SoDeSeP<\/h5>\t\t\t\t<\/div>\n\t\t\t\t<\/div>\n\t\t\t\t<div class=\"elementor-element elementor-element-34b2b6f elementor-widget elementor-widget-heading\" data-id=\"34b2b6f\" data-element_type=\"widget\" data-e-type=\"widget\" data-widget_type=\"heading.default\">\n\t\t\t\t<div class=\"elementor-widget-container\">\n\t\t\t\t\t<h1 class=\"elementor-heading-title elementor-size-default\">Blog - Actualit\u00e9s et Conseils<\/h1>\t\t\t\t<\/div>\n\t\t\t\t<\/div>\n\t\t\t\t<div class=\"elementor-element elementor-element-82ebec6 elementor-widget elementor-widget-heading\" data-id=\"82ebec6\" data-element_type=\"widget\" data-e-type=\"widget\" data-widget_type=\"heading.default\">\n\t\t\t\t<div class=\"elementor-widget-container\">\n\t\t\t\t\t<p class=\"elementor-heading-title elementor-size-default\">D\u00e9couvrez nos derni\u00e8res actualit\u00e9s et nos conseils agricoles<\/p>\t\t\t\t<\/div>\n\t\t\t\t<\/div>\n\t\t\t\t\t<\/div>\n\t\t\t\t<\/div>\n\t\t<div class=\"elementor-element elementor-element-7b8f8af e-flex e-con-boxed e-con e-parent\" data-id=\"7b8f8af\" data-element_type=\"container\" data-e-type=\"container\">\n\t\t\t\t\t<div class=\"e-con-inner\">\n\t\t\t\t<div class=\"elementor-element elementor-element-f49f9b3 elementor-grid-tablet-3 elementor-grid-3 elementor-grid-mobile-1 elementor-widget elementor-widget-loop-grid\" data-id=\"f49f9b3\" data-element_type=\"widget\" data-e-type=\"widget\" data-settings=\"{&quot;template_id&quot;:&quot;1968&quot;,&quot;columns_tablet&quot;:3,&quot;_skin&quot;:&quot;post&quot;,&quot;columns&quot;:&quot;3&quot;,&quot;columns_mobile&quot;:&quot;1&quot;,&quot;edit_handle_selector&quot;:&quot;[data-elementor-type=\\&quot;loop-item\\&quot;]&quot;,&quot;row_gap&quot;:{&quot;unit&quot;:&quot;px&quot;,&quot;size&quot;:&quot;&quot;,&quot;sizes&quot;:[]},&quot;row_gap_tablet&quot;:{&quot;unit&quot;:&quot;px&quot;,&quot;size&quot;:&quot;&quot;,&quot;sizes&quot;:[]},&quot;row_gap_mobile&quot;:{&quot;unit&quot;:&quot;px&quot;,&quot;size&quot;:&quot;&quot;,&quot;sizes&quot;:[]}}\" data-widget_type=\"loop-grid.post\">\n\t\t\t\t<div class=\"elementor-widget-container\">\n\t\t\t\t\t\t\t<div class=\"elementor-loop-container elementor-grid\">\n\t\t<style id=\"loop-dynamic-1968\">.e-loop-item-1813 .elementor-element.elementor-element-8e37165:not(.elementor-motion-effects-element-type-background), .e-loop-item-1813 .elementor-element.elementor-element-8e37165 > .elementor-motion-effects-container > .elementor-motion-effects-layer{background-image:url(\"https:\/\/sodesep.bj\/wp-content\/uploads\/2024\/10\/creation-de-la-sodesep.png\");}<\/style><style id=\"loop-1968\">.elementor-1968 .elementor-element.elementor-element-f7380e0{--display:flex;--min-height:70vh;--justify-content:center;--align-items:center;--container-widget-width:calc( ( 1 - var( --container-widget-flex-grow ) ) * 100% );border-style:none;--border-style:none;box-shadow:5px 5px 10px 0px rgba(0, 0, 0, 0.18);--margin-top:0px;--margin-bottom:0px;--margin-left:0px;--margin-right:0px;--padding-top:0rem;--padding-bottom:1rem;--padding-left:0rem;--padding-right:0rem;}.elementor-1968 .elementor-element.elementor-element-8e37165{--display:flex;--justify-content:center;--align-items:center;--container-widget-width:calc( ( 1 - var( --container-widget-flex-grow ) ) * 100% );box-shadow:5px 5px 10px 0px rgba(0, 0, 0, 0.16);--margin-top:0rem;--margin-bottom:0rem;--margin-left:0rem;--margin-right:0rem;--padding-top:10rem;--padding-bottom:0rem;--padding-left:0rem;--padding-right:0rem;}.elementor-1968 .elementor-element.elementor-element-8e37165:not(.elementor-motion-effects-element-type-background), .elementor-1968 .elementor-element.elementor-element-8e37165 > .elementor-motion-effects-container > .elementor-motion-effects-layer{background-position:top center;background-repeat:no-repeat;background-size:cover;}.elementor-1968 .elementor-element.elementor-element-ca84b4d{--display:flex;--margin-top:0px;--margin-bottom:0px;--margin-left:0px;--margin-right:0px;--padding-top:1rem;--padding-bottom:1rem;--padding-left:1rem;--padding-right:1rem;}.elementor-1968 .elementor-element.elementor-element-ca84b4d:not(.elementor-motion-effects-element-type-background), .elementor-1968 .elementor-element.elementor-element-ca84b4d > .elementor-motion-effects-container > .elementor-motion-effects-layer{background-color:#000000CC;}.elementor-widget-theme-post-title .elementor-heading-title{font-family:var( --e-global-typography-primary-font-family ), Sans-serif;font-weight:var( --e-global-typography-primary-font-weight );color:var( --e-global-color-primary );}.elementor-1968 .elementor-element.elementor-element-fcf22a4{text-align:start;}.elementor-1968 .elementor-element.elementor-element-fcf22a4 .elementor-heading-title{font-family:\"Montserrat\", Sans-serif;font-weight:600;color:#FFFFFF;}.elementor-widget-post-info .elementor-icon-list-item:not(:last-child):after{border-color:var( --e-global-color-text );}.elementor-widget-post-info .elementor-icon-list-icon i{color:var( --e-global-color-primary );}.elementor-widget-post-info .elementor-icon-list-icon svg{fill:var( --e-global-color-primary );}.elementor-widget-post-info .elementor-icon-list-text, .elementor-widget-post-info .elementor-icon-list-text a{color:var( --e-global-color-secondary );}.elementor-widget-post-info .elementor-icon-list-item{font-family:var( --e-global-typography-text-font-family ), Sans-serif;font-weight:var( --e-global-typography-text-font-weight );}.elementor-1968 .elementor-element.elementor-element-ed5623a .elementor-icon-list-icon{width:14px;}.elementor-1968 .elementor-element.elementor-element-ed5623a .elementor-icon-list-icon i{font-size:14px;}.elementor-1968 .elementor-element.elementor-element-ed5623a .elementor-icon-list-icon svg{--e-icon-list-icon-size:14px;}.elementor-1968 .elementor-element.elementor-element-ed5623a .elementor-icon-list-text, .elementor-1968 .elementor-element.elementor-element-ed5623a .elementor-icon-list-text a{color:#FFFFFF;}.elementor-1968 .elementor-element.elementor-element-ed5623a .elementor-icon-list-item{font-family:\"Montserrat\", Sans-serif;font-weight:400;}.elementor-1968 .elementor-element.elementor-element-ed5623a > .elementor-widget-container{padding:20px 10px 20px 10px;background-color:#F6A248;}body:not(.rtl) .elementor-1968 .elementor-element.elementor-element-ed5623a{right:0px;}body.rtl .elementor-1968 .elementor-element.elementor-element-ed5623a{left:0px;}.elementor-1968 .elementor-element.elementor-element-ed5623a{top:-10vh;}.elementor-1968 .elementor-element.elementor-element-816bfc9{--display:flex;--padding-top:10px;--padding-bottom:10px;--padding-left:10px;--padding-right:10px;}.elementor-widget-theme-post-excerpt .elementor-widget-container{color:var( --e-global-color-text );font-family:var( --e-global-typography-text-font-family ), Sans-serif;font-weight:var( --e-global-typography-text-font-weight );}.elementor-1968 .elementor-element.elementor-element-493eca7 .elementor-widget-container{text-align:left;color:#000000;font-family:\"Montserrat\", Sans-serif;font-weight:400;}.elementor-widget-button .elementor-button{font-family:var( --e-global-typography-accent-font-family ), Sans-serif;font-weight:var( --e-global-typography-accent-font-weight );background-color:var( --e-global-color-accent );}.elementor-1968 .elementor-element.elementor-element-d197d6c .elementor-button{font-family:\"Montserrat\", Sans-serif;font-weight:500;text-transform:uppercase;fill:#DE7900;color:#DE7900;background-color:#FFFFFF;border-style:solid;border-width:2px 2px 2px 2px;border-color:#DE7900;}.elementor-1968 .elementor-element.elementor-element-d197d6c .elementor-button:hover, .elementor-1968 .elementor-element.elementor-element-d197d6c .elementor-button:focus{color:#FFFFFF;background-color:#46866C;border-color:#46866C;}.elementor-1968 .elementor-element.elementor-element-d197d6c .elementor-button:hover svg, .elementor-1968 .elementor-element.elementor-element-d197d6c .elementor-button:focus svg{fill:#FFFFFF;}@media(min-width:768px){.elementor-1968 .elementor-element.elementor-element-8e37165{--width:100%;}}@media(max-width:1024px){.elementor-1968 .elementor-element.elementor-element-f7380e0{--min-height:0vh;}}@media(max-width:767px){.elementor-1968 .elementor-element.elementor-element-f7380e0{--content-width:100%;--min-height:0vh;--flex-direction:column;--container-widget-width:calc( ( 1 - var( --container-widget-flex-grow ) ) * 100% );--container-widget-height:initial;--container-widget-flex-grow:0;--container-widget-align-self:initial;--flex-wrap-mobile:wrap;--justify-content:center;--align-items:flex-end;--margin-top:1rem;--margin-bottom:1rem;--margin-left:0rem;--margin-right:0rem;--padding-top:0rem;--padding-bottom:1rem;--padding-left:0rem;--padding-right:0rem;}.elementor-1968 .elementor-element.elementor-element-8e37165{--width:100%;--flex-direction:column;--container-widget-width:calc( ( 1 - var( --container-widget-flex-grow ) ) * 100% );--container-widget-height:initial;--container-widget-flex-grow:0;--container-widget-align-self:initial;--flex-wrap-mobile:wrap;--justify-content:flex-end;--align-items:center;--margin-top:0rem;--margin-bottom:0rem;--margin-left:0rem;--margin-right:0rem;--padding-top:10rem;--padding-bottom:0rem;--padding-left:0rem;--padding-right:0rem;}.elementor-1968 .elementor-element.elementor-element-8e37165:not(.elementor-motion-effects-element-type-background), .elementor-1968 .elementor-element.elementor-element-8e37165 > .elementor-motion-effects-container > .elementor-motion-effects-layer{background-repeat:no-repeat;background-size:cover;}.elementor-1968 .elementor-element.elementor-element-fcf22a4 .elementor-heading-title{line-height:1.2em;}}\/* Start custom CSS for theme-post-excerpt, class: .elementor-element-493eca7 *\/.postdescriptionhomepage p{\n    color: #333;\n}\/* End custom CSS *\/<\/style>\t\t<div data-elementor-type=\"loop-item\" data-elementor-id=\"1968\" class=\"elementor elementor-1968 e-loop-item e-loop-item-1813 post-1813 post type-post status-publish format-standard has-post-thumbnail hentry category-actualites\" data-elementor-post-type=\"elementor_library\" data-custom-edit-handle=\"1\">\n\t\t\t<div class=\"elementor-element elementor-element-f7380e0 e-flex e-con-boxed e-con e-parent\" data-id=\"f7380e0\" data-element_type=\"container\" data-e-type=\"container\" data-settings=\"{&quot;background_background&quot;:&quot;classic&quot;}\">\n\t\t\t\t\t<div class=\"e-con-inner\">\n\t\t<div class=\"elementor-element elementor-element-8e37165 e-con-full e-flex e-con e-child\" data-id=\"8e37165\" data-element_type=\"container\" data-e-type=\"container\" data-settings=\"{&quot;background_background&quot;:&quot;classic&quot;}\">\n\t\t<div class=\"elementor-element elementor-element-ca84b4d e-con-full e-flex e-con e-child\" data-id=\"ca84b4d\" data-element_type=\"container\" data-e-type=\"container\" data-settings=\"{&quot;background_background&quot;:&quot;classic&quot;}\">\n\t\t\t\t<div class=\"elementor-element elementor-element-fcf22a4 elementor-widget elementor-widget-theme-post-title elementor-page-title elementor-widget-heading\" data-id=\"fcf22a4\" data-element_type=\"widget\" data-e-type=\"widget\" data-widget_type=\"theme-post-title.default\">\n\t\t\t\t<div class=\"elementor-widget-container\">\n\t\t\t\t\t<h3 class=\"elementor-heading-title elementor-size-default\"><a href=\"https:\/\/sodesep.bj\/en\/creation-de-la-sodesep-sa\/\">Cr\u00e9ation de la Soci\u00e9t\u00e9 de D\u00e9veloppement des Semences et des Plantes du B\u00e9nin (SoDeSeP S.A.)<\/a><\/h3>\t\t\t\t<\/div>\n\t\t\t\t<\/div>\n\t\t\t\t<div class=\"elementor-element elementor-element-ed5623a elementor-absolute elementor-widget elementor-widget-post-info\" data-id=\"ed5623a\" data-element_type=\"widget\" data-e-type=\"widget\" data-settings=\"{&quot;_position&quot;:&quot;absolute&quot;}\" data-widget_type=\"post-info.default\">\n\t\t\t\t<div class=\"elementor-widget-container\">\n\t\t\t\t\t\t\t<ul class=\"elementor-icon-list-items elementor-post-info\">\n\t\t\t\t\t\t\t\t<li class=\"elementor-icon-list-item elementor-repeater-item-df6174b\" itemprop=\"datePublished\">\n\t\t\t\t\t\t\t\t\t\t\t\t\t<span class=\"elementor-icon-list-text elementor-post-info__item elementor-post-info__item--type-date\">\n\t\t\t\t\t\t\t\t\t\t<time>October 12<\/time>\t\t\t\t\t<\/span>\n\t\t\t\t\t\t\t\t<\/li>\n\t\t\t\t<\/ul>\n\t\t\t\t\t\t<\/div>\n\t\t\t\t<\/div>\n\t\t\t\t<\/div>\n\t\t\t\t<\/div>\n\t\t<div class=\"elementor-element elementor-element-816bfc9 e-con-full e-flex e-con e-child\" data-id=\"816bfc9\" data-element_type=\"container\" data-e-type=\"container\">\n\t\t\t\t<div class=\"elementor-element elementor-element-493eca7 postdescriptionhomepage elementor-widget elementor-widget-theme-post-excerpt\" data-id=\"493eca7\" data-element_type=\"widget\" data-e-type=\"widget\" data-widget_type=\"theme-post-excerpt.default\">\n\t\t\t\t<div class=\"elementor-widget-container\">\n\t\t\t\t\t<p>La Soci\u00e9t\u00e9 de D\u00e9veloppement des Semences et des Plantes du B\u00e9nin (SoDeSeP) est d\u00e9sormais officiellement cr\u00e9\u00e9e par d\u00e9cret minist\u00e9riel. Cette\t\t\t\t<\/div>\n\t\t\t\t<\/div>\n\t\t\t\t<div class=\"elementor-element elementor-element-d197d6c elementor-align-left elementor-widget elementor-widget-button\" data-id=\"d197d6c\" data-element_type=\"widget\" data-e-type=\"widget\" data-widget_type=\"button.default\">\n\t\t\t\t<div class=\"elementor-widget-container\">\n\t\t\t\t\t\t\t\t\t<div class=\"elementor-button-wrapper\">\n\t\t\t\t\t<a class=\"elementor-button elementor-button-link elementor-size-sm\" href=\"https:\/\/sodesep.bj\/en\/creation-de-la-sodesep-sa\/\">\n\t\t\t\t\t\t<span class=\"elementor-button-content-wrapper\">\n\t\t\t\t\t\t\t\t\t<span class=\"elementor-button-text\">Lire la suite<\/span>\n\t\t\t\t\t<\/span>\n\t\t\t\t\t<\/a>\n\t\t\t\t<\/div>\n\t\t\t\t\t\t\t\t<\/div>\n\t\t\t\t<\/div>\n\t\t\t\t<\/div>\n\t\t\t\t\t<\/div>\n\t\t\t\t<\/div>\n\t\t\t\t<\/div>\n\t\t\t\t<\/div>\n\t\t\n\t\t\t\t\t\t<\/div>\n\t\t\t\t<\/div>\n\t\t\t\t\t<\/div>\n\t\t\t\t<\/div>\n\t\t\t\t<\/div>\n\t\t","protected":false},"excerpt":{"rendered":"<p>Blog SoDeSeP Blog &#8211; Actualit\u00e9s et Conseils D\u00e9couvrez nos derni\u00e8res actualit\u00e9s et nos conseils agricoles<\/p>","protected":false},"author":1,"featured_media":0,"parent":0,"menu_order":0,"comment_status":"closed","ping_status":"closed","template":"page-templates\/home.php","meta":{"_acf_changed":false,"inline_featured_image":false,"footnotes":""},"class_list":["post-1973","page","type-page","status-publish","hentry"],"acf":[],"_links":{"self":[{"href":"https:\/\/sodesep.bj\/en\/wp-json\/wp\/v2\/pages\/1973","targetHints":{"allow":["GET"]}}],"collection":[{"href":"https:\/\/sodesep.bj\/en\/wp-json\/wp\/v2\/pages"}],"about":[{"href":"https:\/\/sodesep.bj\/en\/wp-json\/wp\/v2\/types\/page"}],"author":[{"embeddable":true,"href":"https:\/\/sodesep.bj\/en\/wp-json\/wp\/v2\/users\/1"}],"replies":[{"embeddable":true,"href":"https:\/\/sodesep.bj\/en\/wp-json\/wp\/v2\/comments?post=1973"}],"version-history":[{"count":17,"href":"https:\/\/sodesep.bj\/en\/wp-json\/wp\/v2\/pages\/1973\/revisions"}],"predecessor-version":[{"id":2190,"href":"https:\/\/sodesep.bj\/en\/wp-json\/wp\/v2\/pages\/1973\/revisions\/2190"}],"wp:attachment":[{"href":"https:\/\/sodesep.bj\/en\/wp-json\/wp\/v2\/media?parent=1973"}],"curies":[{"name":"wp","href":"https:\/\/api.w.org\/{rel}","templated":true}]}}