{"id":1595,"date":"2024-09-30T12:09:00","date_gmt":"2024-09-30T12:09:00","guid":{"rendered":"https:\/\/sodesep.bj\/?page_id=1595"},"modified":"2024-10-15T11:32:08","modified_gmt":"2024-10-15T11:32:08","slug":"galerie-videos","status":"publish","type":"page","link":"https:\/\/sodesep.bj\/en\/galerie-videos\/","title":{"rendered":"Video gallery"},"content":{"rendered":"<style>.elementor-1595 .elementor-element.elementor-element-1f324c5{margin-top:0rem;margin-bottom:0rem;}.elementor-1595 .elementor-element.elementor-element-857feae{--display:flex;--margin-top:0rem;--margin-bottom:0rem;--margin-left:0rem;--margin-right:0rem;--padding-top:3rem;--padding-bottom:3rem;--padding-left:3rem;--padding-right:3rem;}.elementor-1595 .elementor-element.elementor-element-857feae:not(.elementor-motion-effects-element-type-background), .elementor-1595 .elementor-element.elementor-element-857feae > .elementor-motion-effects-container > .elementor-motion-effects-layer{background-color:#F8F8F8;}.elementor-widget-loop-grid .elementor-pagination{font-family:var( --e-global-typography-secondary-font-family ), Sans-serif;font-weight:var( --e-global-typography-secondary-font-weight );}.elementor-widget-loop-grid .elementor-button{font-family:var( --e-global-typography-accent-font-family ), Sans-serif;font-weight:var( --e-global-typography-accent-font-weight );background-color:var( --e-global-color-accent );}.elementor-widget-loop-grid .e-load-more-message{font-family:var( --e-global-typography-secondary-font-family ), Sans-serif;font-weight:var( --e-global-typography-secondary-font-weight );}.elementor-1595 .elementor-element.elementor-element-24e02bf{--grid-columns:3;}@media(max-width:1024px){.elementor-1595 .elementor-element.elementor-element-24e02bf{--grid-columns:2;}}@media(max-width:767px){.elementor-1595 .elementor-element.elementor-element-24e02bf{--grid-columns:1;}}<\/style>\t\t<div data-elementor-type=\"wp-page\" data-elementor-id=\"1595\" class=\"elementor elementor-1595\" data-elementor-post-type=\"page\">\n\t\t\t\t\t\t<section class=\"elementor-section elementor-top-section elementor-element elementor-element-1f324c5 elementor-section-full_width elementor-section-height-default elementor-section-height-default\" data-id=\"1f324c5\" data-element_type=\"section\" data-e-type=\"section\">\n\t\t\t\t\t\t<div class=\"elementor-container elementor-column-gap-no\">\n\t\t\t\t\t<div class=\"elementor-column elementor-col-100 elementor-top-column elementor-element elementor-element-53770be\" data-id=\"53770be\" data-element_type=\"column\" data-e-type=\"column\">\n\t\t\t<div class=\"elementor-widget-wrap elementor-element-populated\">\n\t\t\t\t\t\t<div class=\"elementor-element elementor-element-f653e70 elementor-align-left elementor-widget elementor-widget-bdevs-banner-other\" data-id=\"f653e70\" data-element_type=\"widget\" data-e-type=\"widget\" data-widget_type=\"bdevs-banner-other.default\">\n\t\t\t\t<div class=\"elementor-widget-container\">\n\t\t\t\t\t  \n<section>\n    <div class=\"pages-hero\" style=\"background-image:url(https:\/\/sodesep.bj\/wp-content\/uploads\/2024\/09\/galerie-video.jpg)\">\n        <div class=\"container\">\n            <div class=\"pages-title\">\n            \t                \t            <h1>Galerie vid\u00e9os<\/h1>\n\t            \t                            <p>D\u00e9couvrez notre galerie vid\u00e9o<\/p>\n                            <\/div>\n        <\/div>\n    <\/div>\n<\/section>\n\t\t\t\t\t<\/div>\n\t\t\t\t<\/div>\n\t\t\t\t\t<\/div>\n\t\t<\/div>\n\t\t\t\t\t<\/div>\n\t\t<\/section>\n\t\t<div class=\"elementor-element elementor-element-857feae e-flex e-con-boxed e-con e-parent\" data-id=\"857feae\" data-element_type=\"container\" data-e-type=\"container\" data-settings=\"{&quot;background_background&quot;:&quot;classic&quot;}\">\n\t\t\t\t\t<div class=\"e-con-inner\">\n\t\t\t\t<div class=\"elementor-element elementor-element-24e02bf elementor-grid-3 elementor-grid-tablet-2 elementor-grid-mobile-1 elementor-widget elementor-widget-loop-grid\" data-id=\"24e02bf\" data-element_type=\"widget\" data-e-type=\"widget\" data-settings=\"{&quot;template_id&quot;:&quot;1688&quot;,&quot;_skin&quot;:&quot;post&quot;,&quot;columns&quot;:&quot;3&quot;,&quot;columns_tablet&quot;:&quot;2&quot;,&quot;columns_mobile&quot;:&quot;1&quot;,&quot;edit_handle_selector&quot;:&quot;[data-elementor-type=\\&quot;loop-item\\&quot;]&quot;,&quot;row_gap&quot;:{&quot;unit&quot;:&quot;px&quot;,&quot;size&quot;:&quot;&quot;,&quot;sizes&quot;:[]},&quot;row_gap_tablet&quot;:{&quot;unit&quot;:&quot;px&quot;,&quot;size&quot;:&quot;&quot;,&quot;sizes&quot;:[]},&quot;row_gap_mobile&quot;:{&quot;unit&quot;:&quot;px&quot;,&quot;size&quot;:&quot;&quot;,&quot;sizes&quot;:[]}}\" data-widget_type=\"loop-grid.post\">\n\t\t\t\t<div class=\"elementor-widget-container\">\n\t\t\t\t\t\t\t<div class=\"elementor-loop-container elementor-grid\">\n\t\t<style id=\"loop-1688\">.elementor-1688 .elementor-element.elementor-element-cddc3f3{--display:flex;--justify-content:center;--border-radius:5px 5px 5px 5px;box-shadow:5px 5px 10px 0px rgba(0, 0, 0, 0.17);--margin-top:0px;--margin-bottom:0px;--margin-left:0px;--margin-right:0px;--padding-top:0px;--padding-bottom:0px;--padding-left:0px;--padding-right:0px;}.elementor-1688 .elementor-element.elementor-element-cddc3f3:not(.elementor-motion-effects-element-type-background), .elementor-1688 .elementor-element.elementor-element-cddc3f3 > .elementor-motion-effects-container > .elementor-motion-effects-layer{background-color:#FFFFFF;}.elementor-widget-theme-post-featured-image .widget-image-caption{color:var( --e-global-color-text );font-family:var( --e-global-typography-text-font-family ), Sans-serif;font-weight:var( --e-global-typography-text-font-weight );}.elementor-1688 .elementor-element.elementor-element-154e684 img{border-radius:5px 5px 5px 5px;}.elementor-1688 .elementor-element.elementor-element-34a2598{--display:flex;--padding-top:1rem;--padding-bottom:1rem;--padding-left:1rem;--padding-right:1rem;}.elementor-widget-theme-post-title .elementor-heading-title{font-family:var( --e-global-typography-primary-font-family ), Sans-serif;font-weight:var( --e-global-typography-primary-font-weight );color:var( --e-global-color-primary );}.elementor-1688 .elementor-element.elementor-element-662d0a9{text-align:start;}.elementor-1688 .elementor-element.elementor-element-662d0a9 .elementor-heading-title{font-family:\"Montserrat\", Sans-serif;font-size:30px;font-weight:600;color:#3F3F3F;}.elementor-1688 .elementor-element.elementor-element-bb65bcd .jeg-elementor-kit.jkit-button{text-align:left;}.elementor-1688 .elementor-element.elementor-element-bb65bcd .jeg-elementor-kit.jkit-button .jkit-button-wrapper{font-family:\"Montserrat\", Sans-serif;background-color:#F6A248;}.elementor-1688 .elementor-element.elementor-element-bb65bcd .jeg-elementor-kit.jkit-button.icon-position-before .jkit-button-wrapper i, .elementor-1688 .elementor-element.elementor-element-bb65bcd .jeg-elementor-kit.jkit-button.icon-position-before .jkit-button-wrapper svg{margin-right:5px;}.elementor-1688 .elementor-element.elementor-element-bb65bcd .jeg-elementor-kit.jkit-button.icon-position-after .jkit-button-wrapper i, .elementor-1688 .elementor-element.elementor-element-bb65bcd .jeg-elementor-kit.jkit-button.icon-position-after .jkit-button-wrapper svg{margin-left:5px;}<\/style>\t\t<div data-elementor-type=\"loop-item\" data-elementor-id=\"1688\" class=\"elementor elementor-1688 e-loop-item e-loop-item-1601 post-1601 video type-video status-publish has-post-thumbnail hentry\" data-elementor-post-type=\"elementor_library\" data-custom-edit-handle=\"1\">\n\t\t\t<div class=\"elementor-element elementor-element-cddc3f3 e-flex e-con-boxed e-con e-parent\" data-id=\"cddc3f3\" data-element_type=\"container\" data-e-type=\"container\" data-settings=\"{&quot;background_background&quot;:&quot;classic&quot;}\">\n\t\t\t\t\t<div class=\"e-con-inner\">\n\t\t\t\t<div class=\"elementor-element elementor-element-154e684 elementor-widget elementor-widget-theme-post-featured-image elementor-widget-image\" data-id=\"154e684\" data-element_type=\"widget\" data-e-type=\"widget\" data-widget_type=\"theme-post-featured-image.default\">\n\t\t\t\t<div class=\"elementor-widget-container\">\n\t\t\t\t\t\t\t\t\t\t\t\t\t\t\t<img fetchpriority=\"high\" decoding=\"async\" width=\"900\" height=\"600\" src=\"https:\/\/sodesep.bj\/wp-content\/uploads\/2024\/09\/galerie-video-1024x683.jpg\" class=\"attachment-large size-large wp-image-1597\" alt=\"\" srcset=\"https:\/\/sodesep.bj\/wp-content\/uploads\/2024\/09\/galerie-video-1024x683.jpg 1024w, https:\/\/sodesep.bj\/wp-content\/uploads\/2024\/09\/galerie-video-300x200.jpg 300w, https:\/\/sodesep.bj\/wp-content\/uploads\/2024\/09\/galerie-video-768x512.jpg 768w, https:\/\/sodesep.bj\/wp-content\/uploads\/2024\/09\/galerie-video.jpg 1200w\" sizes=\"(max-width: 900px) 100vw, 900px\" \/>\t\t\t\t\t\t\t\t\t\t\t\t\t\t\t<\/div>\n\t\t\t\t<\/div>\n\t\t<div class=\"elementor-element elementor-element-34a2598 e-con-full e-flex e-con e-child\" data-id=\"34a2598\" data-element_type=\"container\" data-e-type=\"container\">\n\t\t\t\t<div class=\"elementor-element elementor-element-662d0a9 elementor-widget elementor-widget-theme-post-title elementor-page-title elementor-widget-heading\" data-id=\"662d0a9\" data-element_type=\"widget\" data-e-type=\"widget\" data-widget_type=\"theme-post-title.default\">\n\t\t\t\t<div class=\"elementor-widget-container\">\n\t\t\t\t\t<h2 class=\"elementor-heading-title elementor-size-default\">D\u00e9couvrez notre galerie vid\u00e9o<\/h2>\t\t\t\t<\/div>\n\t\t\t\t<\/div>\n\t\t\t\t<div class=\"elementor-element elementor-element-bb65bcd elementor-widget elementor-widget-jkit_button\" data-id=\"bb65bcd\" data-element_type=\"widget\" data-e-type=\"widget\" data-widget_type=\"jkit_button.default\">\n\t\t\t\t<div class=\"elementor-widget-container\">\n\t\t\t\t\t<div  class=\"jeg-elementor-kit jkit-button  icon-position-before jeg_module___69e5a1e79913d\" ><a href=\"https:\/\/flickr.com\/\" class=\"jkit-button-wrapper\" target=\"_blank\" rel=\"nofollow noopener\">Voir plus<\/a><\/div>\t\t\t\t<\/div>\n\t\t\t\t<\/div>\n\t\t\t\t<\/div>\n\t\t\t\t\t<\/div>\n\t\t\t\t<\/div>\n\t\t\t\t<\/div>\n\t\t\t\t<\/div>\n\t\t\n\t\t\t\t\t\t<\/div>\n\t\t\t\t<\/div>\n\t\t\t\t\t<\/div>\n\t\t\t\t<\/div>\n\t\t\t\t<section class=\"elementor-section elementor-top-section elementor-element elementor-element-5fe2b42 elementor-section-full_width elementor-section-height-default elementor-section-height-default\" data-id=\"5fe2b42\" data-element_type=\"section\" data-e-type=\"section\">\n\t\t\t\t\t\t<div class=\"elementor-container elementor-column-gap-no\">\n\t\t\t\t\t<div class=\"elementor-column elementor-col-100 elementor-top-column elementor-element elementor-element-83930b3\" data-id=\"83930b3\" data-element_type=\"column\" data-e-type=\"column\">\n\t\t\t<div class=\"elementor-widget-wrap elementor-element-populated\">\n\t\t\t\t\t\t<div class=\"elementor-element elementor-element-e8bf166 elementor-align-left elementor-widget elementor-widget-bdevs-why-choose-us4\" data-id=\"e8bf166\" data-element_type=\"widget\" data-e-type=\"widget\" data-widget_type=\"bdevs-why-choose-us4.default\">\n\t\t\t\t<div class=\"elementor-widget-container\">\n\t\t\t\t\t  \n<section>\n    <div class=\"container mt-5 mb-5\">\n        <div class=\"row no no-gutters\">\n            <div class=\"col-lg-3\">\n                <figure class=\"ci-left\">\n                    <img decoding=\"async\" src=\"https:\/\/sodesep.bj\/wp-content\/uploads\/2024\/10\/plants-sodesep.jpg\" alt=\"\">\n                <\/figure>\n            <\/div>\n            <div class=\"col-lg-3\">\n                <figure class=\"ci-right\">\n                    <img decoding=\"async\" src=\"https:\/\/shtheme.org\/demosd\/farmey\/wp-content\/uploads\/2021\/10\/farmey-10.jpg\" alt=\"\">\n                <\/figure>\n            <\/div>\n            <div class=\"col-lg-6 spacing-md\">\n                <div class=\"why-us-content\">\n                    \t                                                <h3>POURQUOI NOUS CHOISIR<\/h3>\n                                                \n                    <div class=\"why-us-inner\">\n                    \t                        <div class=\"media\">\n                            <div class=\"circle-layer\">\n                                <figure class=\"cl-icon\">\n                                    <img decoding=\"async\" src=\"https:\/\/shtheme.org\/demosd\/farmey\/wp-content\/uploads\/2021\/10\/shield-1.png\" alt=\"\">\n                                <\/figure>\n                            <\/div>\n                            <div class=\"media-body\">\n                                                                <h5 class=\"mt-0\">Garantie de service<\/h5>\n                                                                \t                            <p>Nous fournissons une source de nourriture \u00e0 la population.<\/p>\n\t                                                        <\/div>\n                        <\/div>\n                                                <div class=\"media\">\n                            <div class=\"circle-layer\">\n                                <figure class=\"cl-icon\">\n                                    <img decoding=\"async\" src=\"https:\/\/shtheme.org\/demosd\/farmey\/wp-content\/uploads\/2021\/10\/call.png\" alt=\"\">\n                                <\/figure>\n                            <\/div>\n                            <div class=\"media-body\">\n                                                                <h5 class=\"mt-0\">Assistance 24h\/24 et 7j\/7<\/h5>\n                                                                \t                            <p>Nous avons de l\u2019exp\u00e9rience dans la production de semence.<\/p>\n\t                                                        <\/div>\n                        <\/div>\n                                            <\/div>\n                <\/div>\n            <\/div>\n        <\/div>\n    <\/div>\n<\/section>\n\t\t\t\t\t<\/div>\n\t\t\t\t<\/div>\n\t\t\t\t\t<\/div>\n\t\t<\/div>\n\t\t\t\t\t<\/div>\n\t\t<\/section>\n\t\t\t\t<\/div>\n\t\t","protected":false},"excerpt":{"rendered":"<p>Galerie vid\u00e9os D\u00e9couvrez notre galerie vid\u00e9o POURQUOI NOUS CHOISIR Garantie de service Nous fournissons une source de nourriture \u00e0 la population. Assistance 24h\/24 et 7j\/7 Nous avons de l\u2019exp\u00e9rience dans la production de semence.<\/p>","protected":false},"author":1,"featured_media":1597,"parent":0,"menu_order":0,"comment_status":"closed","ping_status":"closed","template":"page-templates\/home.php","meta":{"_acf_changed":false,"inline_featured_image":false,"footnotes":""},"class_list":["post-1595","page","type-page","status-publish","has-post-thumbnail","hentry"],"acf":[],"_links":{"self":[{"href":"https:\/\/sodesep.bj\/en\/wp-json\/wp\/v2\/pages\/1595","targetHints":{"allow":["GET"]}}],"collection":[{"href":"https:\/\/sodesep.bj\/en\/wp-json\/wp\/v2\/pages"}],"about":[{"href":"https:\/\/sodesep.bj\/en\/wp-json\/wp\/v2\/types\/page"}],"author":[{"embeddable":true,"href":"https:\/\/sodesep.bj\/en\/wp-json\/wp\/v2\/users\/1"}],"replies":[{"embeddable":true,"href":"https:\/\/sodesep.bj\/en\/wp-json\/wp\/v2\/comments?post=1595"}],"version-history":[{"count":16,"href":"https:\/\/sodesep.bj\/en\/wp-json\/wp\/v2\/pages\/1595\/revisions"}],"predecessor-version":[{"id":2064,"href":"https:\/\/sodesep.bj\/en\/wp-json\/wp\/v2\/pages\/1595\/revisions\/2064"}],"wp:featuredmedia":[{"embeddable":true,"href":"https:\/\/sodesep.bj\/en\/wp-json\/wp\/v2\/media\/1597"}],"wp:attachment":[{"href":"https:\/\/sodesep.bj\/en\/wp-json\/wp\/v2\/media?parent=1595"}],"curies":[{"name":"wp","href":"https:\/\/api.w.org\/{rel}","templated":true}]}}